{"id":2,"date":"2020-06-06T03:48:21","date_gmt":"2020-06-06T03:48:21","guid":{"rendered":"http:\/\/neu.stb-rkk.com\/?page_id=2"},"modified":"2025-10-01T10:10:42","modified_gmt":"2025-10-01T10:10:42","slug":"startseite","status":"publish","type":"page","link":"https:\/\/www.stb-rkk.de\/de\/","title":{"rendered":"Startseite"},"content":{"rendered":"\n\n\t\t\t<a href=\"https:\/\/forms.office.com\/pages\/responsepage.aspx?id=eT5BIUqtn0Wl4ZYubbTquMWRlez2m2pPly29sf8aqN5UNFlIOVREODlCTEJaR1VPWlBOTTA0UUpLUSQlQCN0PWcu&#038;route=shorturl\" target=\"_blank\" rel=\"noopener\">\n\t\t\t\t\t\tJetzt Mandant werden!\n\t\t\t\t\t<\/a>\n\t\t\t<a href=\"tel:+49495293980\" target=\"_blank\" rel=\"noopener\">\n\t\t\t\t\t\tJetzt Termin sichern!\n\t\t\t\t\t<\/a>\n\t\t\t\t<img decoding=\"async\" src=\"https:\/\/www.stb-rkk.de\/wp-content\/uploads\/2025\/10\/STB_RKK_06_72dpi.jpg\" alt=\"Evoto\" itemprop=\"image\" height=\"1311\" width=\"1966\" title=\"Evoto\" onerror=\"this.style.display='none'\" loading=\"lazy\" \/>\n\t\t<h3>Herzlich Willkommen<\/h3><p>Die Steuerberater Haiko R\u00fcst, Matthias K\u00e4mpfert und Fabian Kaukereit sind Ihre Partner f\u00fcr eine mandantenorientierte und zeitgem\u00e4\u00dfe Steuerberatung. Die Kanzlei wird seit 2012 als &#8222;papierloses B\u00fcro&#8220; gef\u00fchrt und arbeitet vorwiegend digital. Dabei werden die innovativen M\u00f6glichkeiten der Kommunikation und der softwareunterst\u00fctzten Verarbeitung der Daten der Mandanten genutzt.<\/p>\n<p>Die im ostfriesischen Rhauderfehn und Aurich, im emsl\u00e4ndischen S\u00f6gel sowie in der Stadt Oldenburg gelegene Kanzlei betreut unter anderem kleine und mittelst\u00e4ndische Unternehmen verschiedener Rechtsformen, Freiberufler und Privatpersonen im gesamten Bundesgebiet mit Schwerpunkt in den norddeutschen Bundesl\u00e4ndern. Herr Haiko R\u00fcst wurde 1989 zum Steuerberater bestellt und f\u00fchrte die Kanzlei bis 2011 als Einzelpraxis.<\/p>\n<p>Im Jahr 2011 wurde Herr Matthias K\u00e4mpfert zum Steuerberater bestellt und die Kanzlei als Soziet\u00e4t weitergef\u00fchrt.<\/p>\n<p>Nach der Bestellung von Herrn Fabian Kaukereit im Jahr 2020 wurde die Steuerberater R\u00fcst K\u00e4mpfert Kaukereit PartG mbB gegr\u00fcndet.<\/p>\n<p>Durch den Erwerb des Steuerb\u00fcros Behrendt in S\u00f6gel im Jahr 2020,\u00a0 2022 der Steuerkanzlei Kruse in Aurich sowie der Steuerkanzlei Dr. Neumann in Oldenburg konnten drei Zweigniederlassungen begr\u00fcndet werden.<\/p>\n<p>Auf den folgenden Seiten stellen wir Ihnen unser Unternehmen mit seinem Leistungsverm\u00f6gen und Know-how vor.<\/p>\n\n","protected":false},"excerpt":{"rendered":"<p>Jetzt Mandant werden! Jetzt Termin sichern! Herzlich Willkommen Die Steuerberater Haiko R\u00fcst, Matthias K\u00e4mpfert und Fabian Kaukereit sind Ihre Partner f\u00fcr eine mandantenorientierte und zeitgem\u00e4\u00dfe Steuerberatung. Die Kanzlei wird seit 2012 als &#8222;papierloses B\u00fcro&#8220; gef\u00fchrt und arbeitet vorwiegend digital. Dabei werden die innovativen M\u00f6glichkeiten der Kommunikation und der softwareunterst\u00fctzten Verarbeitung der Daten der Mandanten genutzt.&hellip;<\/p>\n","protected":false},"author":1,"featured_media":0,"parent":0,"menu_order":0,"comment_status":"closed","ping_status":"closed","template":"","meta":{"footnotes":""},"class_list":["post-2","page","type-page","status-publish","hentry"],"_links":{"self":[{"href":"https:\/\/www.stb-rkk.de\/de\/wp-json\/wp\/v2\/pages\/2","targetHints":{"allow":["GET"]}}],"collection":[{"href":"https:\/\/www.stb-rkk.de\/de\/wp-json\/wp\/v2\/pages"}],"about":[{"href":"https:\/\/www.stb-rkk.de\/de\/wp-json\/wp\/v2\/types\/page"}],"author":[{"embeddable":true,"href":"https:\/\/www.stb-rkk.de\/de\/wp-json\/wp\/v2\/users\/1"}],"replies":[{"embeddable":true,"href":"https:\/\/www.stb-rkk.de\/de\/wp-json\/wp\/v2\/comments?post=2"}],"version-history":[{"count":24,"href":"https:\/\/www.stb-rkk.de\/de\/wp-json\/wp\/v2\/pages\/2\/revisions"}],"predecessor-version":[{"id":1045,"href":"https:\/\/www.stb-rkk.de\/de\/wp-json\/wp\/v2\/pages\/2\/revisions\/1045"}],"wp:attachment":[{"href":"https:\/\/www.stb-rkk.de\/de\/wp-json\/wp\/v2\/media?parent=2"}],"curies":[{"name":"wp","href":"https:\/\/api.w.org\/{rel}","templated":true}]}}