{"id":121,"date":"2020-06-24T08:52:27","date_gmt":"2020-06-24T08:52:27","guid":{"rendered":"http:\/\/neu.stb-rkk.com\/?page_id=121"},"modified":"2025-04-03T11:05:30","modified_gmt":"2025-04-03T11:05:30","slug":"kontakt","status":"publish","type":"page","link":"https:\/\/www.stb-rkk.de\/nl\/kontakt\/","title":{"rendered":"Contact"},"content":{"rendered":"<strong>Steuerberater R\u00fcst K\u00e4mpfert Kaukereit PartG mbB<\/strong><br \/>\nSchuhmacherstr. 5<br \/>\n26817 Rhauderfehn<br \/>\n<a href=\"tel:+49495293980\">Tel.: (04952) 9398-0<\/a><br \/>\n<a href=\"mailto:info@stb-rkk.de\">E-Mail: info@stb-rkk.de<\/a>\n\t<iframe src=\"https:\/\/www.google.com\/maps\/embed\/v1\/place?q=Steuerberater+R%C3%BCst+K%C3%A4mpfert+Kaukereit%0ASchuhmacherstra%C3%9Fe+5%0A26817+Rhauderfehn&#038;key=AIzaSyD09zQ9PNDNNy9TadMuzRV_UsPUoWKntt8\" aria-hidden=\"true\" title=\"ANFAHRT\"><\/iframe>\n\t<strong>Steuerberater R\u00fcst K\u00e4mpfert Kaukereit PartG mbB<\/strong><br \/>\nAlte Poststr. 5<br \/>\n49751 S\u00f6gel<br \/>\n<a href=\"tel:+495952969690\">Tel.: (05952) 96969-0<\/a><br \/>\n<a href=\"mailto:info@stb-rkk.de\">E-Mail: info@stb-rkk.de<\/a>\n\t<iframe src=\"https:\/\/www.google.com\/maps\/embed\/v1\/place?q=Steuerberater+R%C3%BCst+K%C3%A4mpfert+Kaukereit%0AAlte+Poststra%C3%9Fe+5%0A49751+S%C3%B6gel%0A&#038;key=AIzaSyD09zQ9PNDNNy9TadMuzRV_UsPUoWKntt8\" aria-hidden=\"true\" title=\"ANFAHRT\"><\/iframe>\n\t<strong>Steuerberater R\u00fcst K\u00e4mpfert Kaukereit PartG mbB<\/strong><br \/>\nWeddigenstr. 1<br \/>\n26603 Aurich<br \/>\n<a href=\"tel:+494941698610\">Tel.: (04941) 69861-0<\/a><br \/>\n<a href=\"mailto:info@stb-rkk.de\">E-Mail: info@stb-rkk.de<\/a>\n\t<iframe src=\"https:\/\/www.google.com\/maps\/embed\/v1\/place?q=Steuerberater+R%C3%BCst+K%C3%A4mpfert+Kaukereit%0AWeddigenstr.+1%0A26603+Aurich&#038;key=AIzaSyD09zQ9PNDNNy9TadMuzRV_UsPUoWKntt8\" aria-hidden=\"true\" title=\"ANFAHRT\"><\/iframe>\n\t<strong>Steuerberater R\u00fcst K\u00e4mpfert Kaukereit PartG mbB<\/strong><br \/>\nHundsm\u00fchler Str. 192<br \/>\n26131 Oldenburg<br \/>\n<a href=\"tel:+49441950830\">Tel.: (0441) 95083-0<\/a><br \/>\n<a href=\"mailto:info@stb-rkk.de\">E-Mail: info@stb-rkk.de<\/a>\n\t<iframe src=\"https:\/\/www.google.com\/maps\/embed\/v1\/place?q=Steuerberater+R%C3%BCst+K%C3%A4mpfert+Kaukereit%0AHundsm%C3%BChler+Str.+192%0A26131+Oldenburg&#038;key=AIzaSyD09zQ9PNDNNy9TadMuzRV_UsPUoWKntt8\" aria-hidden=\"true\" title=\"ANFAHRT\"><\/iframe>\n\t\t\t<a href=\"https:\/\/forms.office.com\/pages\/responsepage.aspx?id=eT5BIUqtn0Wl4ZYubbTquMWRlez2m2pPly29sf8aqN5UNFlIOVREODlCTEJaR1VPWlBOTTA0UUpLUSQlQCN0PWcu&#038;route=shorturl\" target=\"_blank\" rel=\"noopener\">\n\t\t\t\t\t\tWord nu cli\u00ebnt!\n\t\t\t\t\t<\/a>","protected":false},"excerpt":{"rendered":"<p>Steuerberater R\u00fcst K\u00e4mpfert Kaukereit PartG mbB Schuhmacherstr. 5 26817 Rhauderfehn Tel.: (04952) 9398-0 E-Mail: info@stb-rkk.de Steuerberater R\u00fcst K\u00e4mpfert Kaukereit PartG mbB Alte Poststr. 5 49751 S\u00f6gel Tel.: (05952) 96969-0 E-Mail: info@stb-rkk.de Steuerberater R\u00fcst K\u00e4mpfert Kaukereit PartG mbB Weddigenstr. 1 26603 Aurich Tel.: (04941) 69861-0 E-Mail: info@stb-rkk.de Steuerberater R\u00fcst K\u00e4mpfert Kaukereit PartG mbB Hundsm\u00fchler Str. 192&hellip;<\/p>","protected":false},"author":1,"featured_media":0,"parent":0,"menu_order":0,"comment_status":"closed","ping_status":"closed","template":"","meta":{"footnotes":""},"class_list":["post-121","page","type-page","status-publish","hentry"],"_links":{"self":[{"href":"https:\/\/www.stb-rkk.de\/nl\/wp-json\/wp\/v2\/pages\/121","targetHints":{"allow":["GET"]}}],"collection":[{"href":"https:\/\/www.stb-rkk.de\/nl\/wp-json\/wp\/v2\/pages"}],"about":[{"href":"https:\/\/www.stb-rkk.de\/nl\/wp-json\/wp\/v2\/types\/page"}],"author":[{"embeddable":true,"href":"https:\/\/www.stb-rkk.de\/nl\/wp-json\/wp\/v2\/users\/1"}],"replies":[{"embeddable":true,"href":"https:\/\/www.stb-rkk.de\/nl\/wp-json\/wp\/v2\/comments?post=121"}],"version-history":[{"count":14,"href":"https:\/\/www.stb-rkk.de\/nl\/wp-json\/wp\/v2\/pages\/121\/revisions"}],"predecessor-version":[{"id":858,"href":"https:\/\/www.stb-rkk.de\/nl\/wp-json\/wp\/v2\/pages\/121\/revisions\/858"}],"wp:attachment":[{"href":"https:\/\/www.stb-rkk.de\/nl\/wp-json\/wp\/v2\/media?parent=121"}],"curies":[{"name":"wp","href":"https:\/\/api.w.org\/{rel}","templated":true}]}}