{"id":325,"date":"2023-05-25T14:12:15","date_gmt":"2023-05-25T14:12:15","guid":{"rendered":"https:\/\/www.stb-rkk.de\/?page_id=325"},"modified":"2026-02-24T07:29:54","modified_gmt":"2026-02-24T07:29:54","slug":"karriere","status":"publish","type":"page","link":"https:\/\/www.stb-rkk.de\/nl\/karriere\/","title":{"rendered":"Carri\u00e8re"},"content":{"rendered":"<h2>Podcast-Empfehlung<\/h2>\n<p>f\u00fcr alle, die sich f\u00fcr eine Ausbildung in der Steuerbranche interessieren!<\/p>\nVor Kurzem gingen zwei spannende Podcast-Episoden von Karriere Kompass der ZGO online.<br \/>\nIdeal f\u00fcr alle, die mehr \u00fcber Karriereperspektiven und Entwicklungsm\u00f6glichkeiten im Steuerwesen erfahren m\u00f6chten!<br \/>\n<strong>Viel Spa\u00df beim Zuh\u00f6ren!<\/strong>\n<figure itemscope itemtype=\"https:\/\/schema.org\/ImageObject\">\n\t\t\t\t<img decoding=\"async\" src=\"https:\/\/www.stb-rkk.de\/wp-content\/uploads\/2024\/11\/IMG_1981.jpeg\" alt=\"Podcast Empfehlung f\u00fcr alle, die sich f\u00fcr eine Ausbildung in der Steuerbranche interessieren!\" height=\"1536\" width=\"2048\" onerror=\"this.style.display='none'\" loading=\"lazy\" \/>\n\t<\/figure>\n\t<h3><a href=\"https:\/\/open.spotify.com\/embed\/episode\/47pwH7OFA3dkIuNRsbOWOs\" target=\"_blank\" rel=\"noopener\"> <strong>Zur 1. Podcast-Folge bei Spotify<\/strong><\/a><\/h3>\n<p>Unsere Auszubildenden Lisa (2. Lehrjahr) und Sebastian (3. Lehrjahr) vom Standort Rhauderfehn gaben darin exklusive Einblicke in ihre Ausbildung zur\/zum Steuerfachangestellten (w\/m\/d). Gemeinsam mit Moderator Daniel berichteten sie \u00fcber ihre t\u00e4glichen Aufgaben, die Herausforderungen und pers\u00f6nlichen Highlights ihrer Ausbildung.<\/p>\n<h3><a href=\"https:\/\/open.spotify.com\/embed\/episode\/7nG155G4iHlhLtLglyc691\" target=\"_blank\" rel=\"noopener\"> <strong>Zur 2. Podcast-Folge bei Spotify<\/strong><\/a><\/h3>\n<p>In dieser Episode war unser Kollege Merlin zu Gast. Merlin begann seine Karriere bei uns als Auszubildender, arbeitet inzwischen als Steuerfachwirt und hat bereits seine Weiterbildung zum Steuerberater gestartet. Im Gespr\u00e4ch mit Moderator Daniel teilte er spannende Einblicke in seinen beruflichen Werdegang und die Weiterbildungsm\u00f6glichkeiten in der Steuerbranche.<\/p>\n<h2>\n\t\t\tDU SUCHST&#8230;.\t<\/h2>\n\t<p>&#8230; eine neue Herausforderung, willst selbst\u00e4ndig in einer modernen, digitalen Steuerkanzlei t\u00e4tig sein?<\/p>\n<p>Dann bewirb Dich bei uns und werde ein Teil unseres Teams, auch ohne Berufserfahrung.<\/p>\n<p>Wij zijn een modern advocatenkantoor met drie vestigingen in het noordwesten en werken al ruim 10 jaar volledig digitaal.<\/p>\n<hr \/>\n<h2>\n\t\t\tWIR SUCHEN&#8230;.\t<\/h2>\n\t<h2><strong>Steuerfachangestellte, Steuerfachwirte, Bilanzbuchhalter (SFA) und Steuerberater (m\/w\/d)<\/strong><\/h2>\n<p>Wir suchen f\u00fcr unsere Standorte in Rhauderfehn, Aurich, S\u00f6gel oder Oldenburg Steuerfachangestellte, Bilanzbuchhalter (SFA), Steuerfachwirte, Steuerberater (m\/w\/d) in Vollzeit oder Teilzeit.<\/p>\n<hr \/>\n\t<h2><strong>Auszubildende zur\/zum Steuerfachangestellte (m\/w\/d) 2026<\/strong><\/h2>\n<p>Wir suchen f\u00fcr unsere Standorte in Rhauderfehn, S\u00f6gel, Aurich und Oldenburg Auszubildende zur\/zum Steuerfachangestellte\/n (m\/w\/d).<\/p>\n<hr \/>\n\t<h2>Fibu-Troniker (m\/w\/d)<\/h2>\n<p><strong data-start=\"232\" data-end=\"275\">Steuerfachangestellter mit IT-Affinit\u00e4t<\/strong><\/p>\nZur Verst\u00e4rkung unseres Teams suchen wir einen Steuerfachangestellten (m\/w\/d), der nicht nur Zahlen liebt, sondern auch Freude an digitalen Prozessen und IT-Themen hat.\n<em><strong>Deine Aufgaben:<\/strong><\/em><br \/>\nDigital &amp; IT-nah\n&#x2705; Unterst\u00fctzung bei der Betreuung unserer Kanzlei-IT\n&#x2705; Optimierung und Digitalisierung interner Prozesse\n&#x2705; Schnittstelle zwischen Fachabteilung und IT-Dienstleister\n&#x2705; Betreuung von DATEV-Anwendungen &amp; digitalen Workflows\n&#x2705; Unterst\u00fctzung der Kolleginnen und Kollegen bei technischen Fragen\n<h4 data-start=\"992\" data-end=\"1009\"><em>Dein Profil:<\/em><\/h4>\n<ul data-start=\"1010\" data-end=\"1331\">\n<li data-start=\"1010\" data-end=\"1074\">\nAbgeschlossene Ausbildung als Steuerfachangestellter (m\/w\/d)\n<\/li>\n<li data-start=\"1075\" data-end=\"1124\">\nSehr gute Kenntnisse in der Finanzbuchhaltung\n<\/li>\n<li data-start=\"1125\" data-end=\"1178\">\nIT-Affinit\u00e4t und Interesse an digitalen Prozessen\n<\/li>\n<li data-start=\"1179\" data-end=\"1223\">\nIdealerweise Erfahrung mit DATEV und DMS\n<\/li>\n<li data-start=\"1224\" data-end=\"1274\">\nStrukturierte, l\u00f6sungsorientierte Arbeitsweise\n<\/li>\n<li data-start=\"1275\" data-end=\"1331\">\nFreude daran, Dinge besser und effizienter zu machen\n<\/li>\n<\/ul>\n<hr \/>\n<p>&nbsp;<\/p>\n<h2>\n\t\t\tWIR BIETEN&#8230;.\t<\/h2>\n\t \u00dcberdurchschnittliche Verg\u00fctung*<br \/>\n 13. Monatsgehalt<br \/>\n Wochengleitzeit<br \/>\n Job-Fahrrad &amp; Fitnessstudio Zuzahlung<br \/>\n Unterst\u00fctzung bei Weiterbildungen<br \/>\n Die Vereinbarkeit von Familie und Beruf<br \/>\n Seminare und Teamevents\n<p>Betriebliches Gesundheitsmanagement<\/p>\n<p>*volgens een actueel onderzoek van de Kamer van Belastingconsulenten van Nedersaksen<\/p>\n\t<a href=\"https:\/\/kununu.com\/de\/steuerberater-ruest-kaempfert-kaukereit?utm_medium=affiliate&#038;utm_source=widget&#038;utm_content=widget_icon_score_logo_small&#038;rfr=affiliate_widget\" rel=\"nofollow noopener\" target=\"_blank\"><img alt=\"kununu widget\" src=\"https:\/\/widgets.kununu.com\/widget_icon_score_logo_small\/profiles\/9e65783f-6065-49aa-980b-a93359f5d0a5\" \/><\/a>\n<figure itemscope itemtype=\"https:\/\/schema.org\/ImageObject\">\n\t\t\t\t<img decoding=\"async\" src=\"https:\/\/www.stb-rkk.de\/wp-content\/uploads\/2026\/01\/exzellenter_arbeitgeber_banner_2025-2026.webp\" alt=\"exzellenter_arbeitgeber_banner_2025-2026\" height=\"131\" width=\"650\" onerror=\"this.style.display='none'\" loading=\"lazy\" \/>\n\t<\/figure>\n<figure itemscope itemtype=\"https:\/\/schema.org\/ImageObject\">\n\t\t\t\t<a href=\"https:\/\/www.landkreis-leer.de\/Wir-sind-familienfreundlich\"  target=\"_blank\" rel=\"noopener\"  itemprop=\"url\">\n\t\t\t\t<img decoding=\"async\" src=\"https:\/\/www.stb-rkk.de\/wp-content\/uploads\/2025\/11\/auszeichnung_familienfreundlich.webp\" alt=\"Auszeichnung &quot;Wir sind familienfreundlich&quot;\" height=\"250\" width=\"641\" onerror=\"this.style.display='none'\" loading=\"lazy\" \/>\n\t\t\t\t<\/a>\n\t<\/figure>\n\t<h2><strong>NU TOEPASSEN<br \/>\n<\/strong><\/h2>\n<p>Einfach das Kontaktformular vollst\u00e4ndig ausf\u00fcllen und uns mitteilen, auf welche Stelle Du dich bewerben m\u00f6chtest.<\/p>\n<p>Gerne kannst du auch Dateien zu deinem beruflichen\/schulischen Werdegang beif\u00fcgen.<\/p>\n<p>Maximaal 10 MB. Bestandsformaten pdf, jpg, png, doc, docx<\/p>\n\t\n<div class=\"wpcf7 no-js\" id=\"wpcf7-f444-o1\" lang=\"de-DE\" dir=\"ltr\" data-wpcf7-id=\"444\">\n<div class=\"screen-reader-response\"><p role=\"status\" aria-live=\"polite\" aria-atomic=\"true\"><\/p> <ul><\/ul><\/div>\n<form action=\"\/nl\/wp-json\/wp\/v2\/pages\/325#wpcf7-f444-o1\" method=\"post\" class=\"wpcf7-form init\" aria-label=\"Kontaktformular\" enctype=\"multipart\/form-data\" novalidate=\"novalidate\" data-status=\"init\" data-trp-original-action=\"\/nl\/wp-json\/wp\/v2\/pages\/325#wpcf7-f444-o1\">\n<fieldset class=\"hidden-fields-container\"><input type=\"hidden\" name=\"_wpcf7\" value=\"444\" \/><input type=\"hidden\" name=\"_wpcf7_version\" value=\"6.1.4\" \/><input type=\"hidden\" name=\"_wpcf7_locale\" value=\"de_DE\" \/><input type=\"hidden\" name=\"_wpcf7_unit_tag\" value=\"wpcf7-f444-o1\" \/><input type=\"hidden\" name=\"_wpcf7_container_post\" value=\"0\" \/><input type=\"hidden\" name=\"_wpcf7_posted_data_hash\" value=\"\" \/>\n<\/fieldset>\n<div class=\"zeile\">\n\t<div class=\"spalte-links\">\n\t\t<p><label class=\"fullwidth\"> Uw naam<br \/>\n<span class=\"wpcf7-form-control-wrap\" data-name=\"your-name\"><input size=\"40\" maxlength=\"400\" class=\"wpcf7-form-control wpcf7-text wpcf7-validates-as-required\" autocomplete=\"name\" aria-required=\"true\" aria-invalid=\"false\" value=\"\" type=\"text\" name=\"your-name\" \/><\/span> <\/label>\n\t\t<\/p>\n\t<\/div>\n\t<div class=\"spalte-rechts\">\n\t\t<p><label class=\"fullwidth\"> Jouw e-mailadres<br \/>\n<span class=\"wpcf7-form-control-wrap\" data-name=\"your-email\"><input size=\"40\" maxlength=\"400\" class=\"wpcf7-form-control wpcf7-email wpcf7-validates-as-required wpcf7-text wpcf7-validates-as-email\" autocomplete=\"email\" aria-required=\"true\" aria-invalid=\"false\" value=\"\" type=\"email\" name=\"your-email\" \/><\/span> <\/label>\n\t\t<\/p>\n\t<\/div>\n<\/div>\n<div class=\"zeile\">\n\t<div class=\"spalte-links\">\n\t\t<p><label class=\"halfwidth\"> Jouw telefoon nummer<br \/>\n<span class=\"wpcf7-form-control-wrap\" data-name=\"tel-480\"><input size=\"40\" maxlength=\"400\" class=\"wpcf7-form-control wpcf7-tel wpcf7-text wpcf7-validates-as-tel\" aria-invalid=\"false\" value=\"\" type=\"tel\" name=\"tel-480\" \/><\/span> <\/label>\n\t\t<\/p>\n\t<\/div>\n<\/div>\n<div>\n\t<p><label class=\"fullwidth\"> Met betrekking tot<br \/>\n<span class=\"wpcf7-form-control-wrap\" data-name=\"your-subject\"><input size=\"40\" maxlength=\"400\" class=\"wpcf7-form-control wpcf7-text wpcf7-validates-as-required\" aria-required=\"true\" aria-invalid=\"false\" value=\"\" type=\"text\" name=\"your-subject\" \/><\/span> <\/label>\n\t<\/p>\n<\/div>\n<div>\n\t<p><label class=\"fullwidth\"> Schrijf ons iets over jezelf<br \/>\n<span class=\"wpcf7-form-control-wrap\" data-name=\"your-message\"><textarea cols=\"40\" rows=\"10\" maxlength=\"2000\" class=\"wpcf7-form-control wpcf7-textarea wpcf7-validates-as-required\" aria-required=\"true\" aria-invalid=\"false\" name=\"your-message\"><\/textarea><\/span> <\/label>\n\t<\/p>\n<\/div>\n<p><span id=\"wpcf7-69e0471c951f8-wrapper\" class=\"wpcf7-form-control-wrap hp-654-wrap\" style=\"display:none !important; visibility:hidden !important;\"><label for=\"wpcf7-69e0471c951f8-field\" class=\"hp-message\">Bitte lasse dieses Feld leer.<\/label><input id=\"wpcf7-69e0471c951f8-field\"  class=\"wpcf7-form-control wpcf7-text\" type=\"text\" name=\"hp-654\" value=\"\" size=\"40\" tabindex=\"-1\" autocomplete=\"new-password\" \/><\/span>\n<\/p>\n<div>\n\t<p><span class=\"wpcf7-form-control-wrap\" data-name=\"file-284\"><input size=\"40\" class=\"wpcf7-form-control wpcf7-file\" accept=\"application\/pdf,.jpg,.png,.txt,.doc,.docx\" aria-invalid=\"false\" type=\"file\" name=\"file-284\" \/><\/span>\n\t<\/p>\n<\/div>\n<div>\n\t<p><input class=\"wpcf7-form-control wpcf7-submit has-spinner\" type=\"submit\" value=\"Versturen\" \/>\n\t<\/p>\n<\/div><input type='hidden' class='wpcf7-pum' value='{\"closepopup\":false,\"closedelay\":0,\"openpopup\":false,\"openpopup_id\":0}' \/><div class=\"wpcf7-response-output\" aria-hidden=\"true\"><\/div>\n<input type=\"hidden\" name=\"trp-form-language\" value=\"nl\"\/><\/form>\n<\/div>","protected":false},"excerpt":{"rendered":"<p>Podcast-Empfehlung f\u00fcr alle, die sich f\u00fcr eine Ausbildung in der Steuerbranche interessieren! Vor Kurzem gingen zwei spannende Podcast-Episoden von Karriere Kompass der ZGO online. Ideal f\u00fcr alle, die mehr \u00fcber Karriereperspektiven und Entwicklungsm\u00f6glichkeiten im Steuerwesen erfahren m\u00f6chten! Viel Spa\u00df beim Zuh\u00f6ren! Zur 1. Podcast-Folge bei Spotify Unsere Auszubildenden Lisa (2. Lehrjahr) und Sebastian (3. Lehrjahr)&hellip;<\/p>","protected":false},"author":1,"featured_media":0,"parent":0,"menu_order":0,"comment_status":"closed","ping_status":"closed","template":"","meta":{"footnotes":""},"class_list":["post-325","page","type-page","status-publish","hentry"],"_links":{"self":[{"href":"https:\/\/www.stb-rkk.de\/nl\/wp-json\/wp\/v2\/pages\/325","targetHints":{"allow":["GET"]}}],"collection":[{"href":"https:\/\/www.stb-rkk.de\/nl\/wp-json\/wp\/v2\/pages"}],"about":[{"href":"https:\/\/www.stb-rkk.de\/nl\/wp-json\/wp\/v2\/types\/page"}],"author":[{"embeddable":true,"href":"https:\/\/www.stb-rkk.de\/nl\/wp-json\/wp\/v2\/users\/1"}],"replies":[{"embeddable":true,"href":"https:\/\/www.stb-rkk.de\/nl\/wp-json\/wp\/v2\/comments?post=325"}],"version-history":[{"count":12,"href":"https:\/\/www.stb-rkk.de\/nl\/wp-json\/wp\/v2\/pages\/325\/revisions"}],"predecessor-version":[{"id":1094,"href":"https:\/\/www.stb-rkk.de\/nl\/wp-json\/wp\/v2\/pages\/325\/revisions\/1094"}],"wp:attachment":[{"href":"https:\/\/www.stb-rkk.de\/nl\/wp-json\/wp\/v2\/media?parent=325"}],"curies":[{"name":"wp","href":"https:\/\/api.w.org\/{rel}","templated":true}]}}