{"id":697,"date":"2024-09-21T06:25:08","date_gmt":"2024-09-21T06:25:08","guid":{"rendered":"https:\/\/www.stb-rkk.de\/?page_id=697"},"modified":"2024-09-24T11:08:22","modified_gmt":"2024-09-24T11:08:22","slug":"anleitungen","status":"publish","type":"page","link":"https:\/\/www.stb-rkk.de\/nl\/anleitungen\/","title":{"rendered":"Anleitungen"},"content":{"rendered":"<h2>\n\t\tErste Schritte im Unternehmens-Portal &#8222;Dokumentencenter&#8220; Desktop-Ansicht\n\t<\/h2>\n\t<p>Damit Sie sich schnell zurechtfinden, haben wir alles Wichtige f\u00fcr den Start in ein paar kurzen Videos zusammengefasst. Erfahren Sie in wenigen Minuten, wie Sie Ihren Zugang zum Portal aktivieren, anmelden und wie Sie sich im Portal zurechtfinden.<\/p>\n<p>Schriftliche Anleitung zum Downloaden: <a href=\"https:\/\/www.stb-rkk.de\/wp-content\/uploads\/2024\/09\/Anleitung-Dokumentencenter.pdf\" target=\"_blank\" rel=\"noopener\"> Download<\/a><\/p>\n\t<iframe loading=\"lazy\" width=\"560\" height=\"315\" src=\"https:\/\/www.youtube.com\/embed\/xJlalZG7fkQ?si=KSXDY_96ZPbp062e\" title=\"YouTube video player\" frameborder=\"0\" allow=\"accelerometer; autoplay; clipboard-write; encrypted-media; gyroscope; picture-in-picture; web-share\" referrerpolicy=\"strict-origin-when-cross-origin\" allowfullscreen><\/iframe>\n\t<p><strong>Einrichtung Unternehmens-Portal \u201eDokumentencenter&#8220; App-Version<\/strong><\/p>\n<p>Schriftliche Anleitung zum Downloaden: <a href=\"https:\/\/www.stb-rkk.de\/wp-content\/uploads\/2024\/09\/Anleitung-DC-App.pdf\" target=\"_blank\" rel=\"noopener\"> Download<\/a><\/p>\n\t<iframe loading=\"lazy\" width=\"560\" height=\"315\" src=\"https:\/\/www.youtube.com\/embed\/NCPWPMRmvjE?si=NflEh1RvgYHmcgE-\" title=\"YouTube video player\" frameborder=\"0\" allow=\"accelerometer; autoplay; clipboard-write; encrypted-media; gyroscope; picture-in-picture; web-share\" referrerpolicy=\"strict-origin-when-cross-origin\" allowfullscreen><\/iframe>\n\t<h2>Simba Direkt<\/h2>\nDie Online-Plattform Simba Direkt unterst\u00fctzt Sie bei der t\u00e4glichen Zusammenarbeit mit dem Steuerberater. Durch digitale L\u00f6sungen werden Arbeitsabl\u00e4ufe einfacher, schneller und bequemer.<br \/>\nSo k\u00f6nnen Sie \u00fcber die Plattform Ihre Daten aus der Finanz- und Lohnbuchf\u00fchrung digital und papierlos mit uns austauschen. Der Pendelordner wird \u00fcberfl\u00fcssig und Sie sparen viel Zeit, Platz und Kosten. Ein weiterer Vorteil ist, dass Sie sp\u00e4ter jederzeit und von \u00fcberall auf Ihre Daten zugreifen k\u00f6nnen. Z.B. von Ihrem Mobilger\u00e4t mit Hilfe der Simba Direkt App.<br \/>\nDabei m\u00fcssen Sie sich um Themen wie Datenschutz und Datensicherheit keine Gedanken machen. Ihre Daten werden verschl\u00fcsselt \u00fcbertragen und gespeichert. Und die Anmeldung an der Plattform kann zus\u00e4tzlich mit Hilfe der Zwei-Faktor-Authentifizierung abgesichert werden.<br \/>\nEs ist auch keine aufwendige Einarbeitung notwendig &#8211; die Oberfl\u00e4che ist intuitiv und die Funktionen leicht erlernbar.\n\t<h3>Modul Web-Kassenbuch<\/h3>\nBareinnahmen und -ausgaben digital erfassen, freigeben und an den Steuerberater \u00fcbermitteln. Bei offenen Registerkassen Kassensturz elektronisch durchf\u00fchren.<br \/>\nDas Web-Kassenbuch bietet Ihnen die M\u00f6glichkeit, Ihren Mandanten eine Online-Anwendung zur Erfassung ihrer Kassenbewegungen zur Verf\u00fcgung zu stellen. Nach Konfigurieren der Web-Kassenb\u00fccher in der Simba-Hauptanwendung und Pushen dieser Daten hierher ins Portal, k\u00f6nnen Sie Ihren Mandanten-Benutzern das Zugriffsrecht auf ausgew\u00e4hlte Kassenb\u00fccher erteilen.<br \/>\nDie Mandanten k\u00f6nnen nach Anmeldung im Mandanten-Portal die Kassenbewegungen erfassen, Belege anh\u00e4ngen, Kassenst\u00fcrze verwalten, die Kassenbewegungen t\u00e4glich freigeben sowie zu dem mit Ihnen vereinbarten Zeitpunkt die Daten \u00fcbermitteln. Nach \u00dcbermittlung der freigegebenen Kassenbewegungen k\u00f6nnen Sie diese per Klick in Ihr Simba-System \u00fcbernehmen, kontrollieren und journalisieren. Weitere Funktionen zur Personalisierung und Filterung unterst\u00fctzen den Mandanten f\u00fcr eine individuell zugeschnittene Online-Anwendung.\n\t<iframe loading=\"lazy\" width=\"560\" height=\"315\" src=\"https:\/\/www.youtube.com\/embed\/bD1MVeUMwIs?si=177-Ky7AKhfVBOIl\" title=\"YouTube video player\" frameborder=\"0\" allow=\"accelerometer; autoplay; clipboard-write; encrypted-media; gyroscope; picture-in-picture; web-share\" referrerpolicy=\"strict-origin-when-cross-origin\" allowfullscreen><\/iframe>\n\t<h3>Faktura als Mandant verwenden<\/h3>\n<p>Mit Simba Direkt &#8211; Faktura schreiben, versenden und verwalten Sie Ihre Angebote und Rechnungen. Da das Modul an die Simba Software Ihres Steuerberaters angebunden ist, k\u00f6nnen Sie Ihren Abschluss dann per Mausklick an den Berater \u00fcbermitteln. In diesem Video zeigen wir Ihnen, wie das geht.<\/p>\n\t<iframe loading=\"lazy\" width=\"560\" height=\"315\" src=\"https:\/\/www.youtube.com\/embed\/vB9fcxqxEYc?si=5EIKyjb7aK2evn60\" title=\"YouTube video player\" frameborder=\"0\" allow=\"accelerometer; autoplay; clipboard-write; encrypted-media; gyroscope; picture-in-picture; web-share\" referrerpolicy=\"strict-origin-when-cross-origin\" allowfullscreen><\/iframe>\n\t<h3>Arbeitnehmer-Portal kennenlernen<\/h3>\n<p>Im Arbeitnehmer-Portal k\u00f6nnen Sie sicher und bequem online auf alle Dokumente der Lohn- und Gehaltsabrechnung zugreifen, die Ihr Arbeitgeber f\u00fcr Sie bereitgestellt hat.<\/p>\n\t<iframe loading=\"lazy\" width=\"560\" height=\"315\" src=\"https:\/\/www.youtube.com\/embed\/gBOkkhfQA2U?si=AmYjPstAhlgnQphC\" title=\"YouTube video player\" frameborder=\"0\" allow=\"accelerometer; autoplay; clipboard-write; encrypted-media; gyroscope; picture-in-picture; web-share\" referrerpolicy=\"strict-origin-when-cross-origin\" allowfullscreen><\/iframe>\n\t<h3>Lohn- und Gehaltsdokumente abrufen<\/h3>\n<p>Mit dem Modul &#8222;Lohn &amp; Gehalt&#8220; kann Ihr Steuerberater f\u00fcr Sie Personalabrechnungsdokumente im Simba Direkt Portal bereitgestellt. Damit Sie auf diese Dokumente online und vor allem sicher zugreifen k\u00f6nnen.<\/p>\n\t<iframe loading=\"lazy\" width=\"560\" height=\"315\" src=\"https:\/\/www.youtube.com\/embed\/Ykcdy6egeTc?si=Bo20YvR1GVWcbXVj\" title=\"YouTube video player\" frameborder=\"0\" allow=\"accelerometer; autoplay; clipboard-write; encrypted-media; gyroscope; picture-in-picture; web-share\" referrerpolicy=\"strict-origin-when-cross-origin\" allowfullscreen><\/iframe>","protected":false},"excerpt":{"rendered":"<p>Erste Schritte im Unternehmens-Portal &#8222;Dokumentencenter&#8220; Desktop-Ansicht Damit Sie sich schnell zurechtfinden, haben wir alles Wichtige f\u00fcr den Start in ein paar kurzen Videos zusammengefasst. Erfahren Sie in wenigen Minuten, wie Sie Ihren Zugang zum Portal aktivieren, anmelden und wie Sie sich im Portal zurechtfinden. Schriftliche Anleitung zum Downloaden: Download Einrichtung Unternehmens-Portal \u201eDokumentencenter&#8220; App-Version Schriftliche Anleitung&hellip;<\/p>","protected":false},"author":4,"featured_media":0,"parent":0,"menu_order":0,"comment_status":"closed","ping_status":"closed","template":"","meta":{"footnotes":""},"class_list":["post-697","page","type-page","status-publish","hentry"],"_links":{"self":[{"href":"https:\/\/www.stb-rkk.de\/nl\/wp-json\/wp\/v2\/pages\/697","targetHints":{"allow":["GET"]}}],"collection":[{"href":"https:\/\/www.stb-rkk.de\/nl\/wp-json\/wp\/v2\/pages"}],"about":[{"href":"https:\/\/www.stb-rkk.de\/nl\/wp-json\/wp\/v2\/types\/page"}],"author":[{"embeddable":true,"href":"https:\/\/www.stb-rkk.de\/nl\/wp-json\/wp\/v2\/users\/4"}],"replies":[{"embeddable":true,"href":"https:\/\/www.stb-rkk.de\/nl\/wp-json\/wp\/v2\/comments?post=697"}],"version-history":[{"count":8,"href":"https:\/\/www.stb-rkk.de\/nl\/wp-json\/wp\/v2\/pages\/697\/revisions"}],"predecessor-version":[{"id":732,"href":"https:\/\/www.stb-rkk.de\/nl\/wp-json\/wp\/v2\/pages\/697\/revisions\/732"}],"wp:attachment":[{"href":"https:\/\/www.stb-rkk.de\/nl\/wp-json\/wp\/v2\/media?parent=697"}],"curies":[{"name":"wp","href":"https:\/\/api.w.org\/{rel}","templated":true}]}}