{"id":74,"date":"2020-06-06T10:40:30","date_gmt":"2020-06-06T10:40:30","guid":{"rendered":"http:\/\/neu.stb-rkk.com\/?page_id=74"},"modified":"2025-10-01T10:28:26","modified_gmt":"2025-10-01T10:28:26","slug":"leistungen","status":"publish","type":"page","link":"https:\/\/www.stb-rkk.de\/nl\/leistungen\/","title":{"rendered":"Diensten"},"content":{"rendered":"<h3>DIENSTEN<\/h3><p>De belastingadviesbranche wordt steeds meer door technologische ontwikkelingen be\u00efnvloed. Door digitalisering zijn steeds groter wordende hoeveelheden data in korte tijd betrouwbaar te bewerken en verwerken. Daarom kunnen wij u onze eigen documentmanager voor het uploaden, downloaden en de archivering van uw boekhouding aanbieden.<\/p>\n<p>Wir bieten Ihnen eine Komplettl\u00f6sung wie unser Dokumentencenter, Rechnungsprogramm oder Web-Kasse mit vielf\u00e4ltigen Individualisierungsm\u00f6glichkeiten f\u00fcr Ihre spezifischen Bed\u00fcrfnisse und zur Organisation Ihrer eigenen Buchhaltung mit maximaler Sicherheit und Zuverl\u00e4ssigkeit.<\/p>\n<p>Voor onze advieswerkzaamheden zijn wij van alle markten thuis en helpen u op alle mogelijke fiscale gebieden zoals bijvoorbeeld inkomstenbelasting, vennootschapsbelasting, omzetbelasting en schenk- en erfbelasting.<\/p>\n<p>Daarnaast bieden wij u advies over zaken als bedrijfsopvolging en - oprichting en de versterking van uw onderneming.<\/p>\n<p><strong>Wij kijken er naar uit om met u in gesprek te gaan.<\/strong><\/p>\n\t\t\t\t<img decoding=\"async\" src=\"https:\/\/www.stb-rkk.de\/wp-content\/uploads\/2025\/10\/STB_RKK_08_72dpi.jpg\" alt=\"Evoto\" itemprop=\"image\" height=\"1311\" width=\"1966\" title=\"Evoto\" onerror=\"this.style.display='none'\" loading=\"lazy\" \/>\n\t\t\t\t\t<a href=\"#\"  id=\"fl-accordion--label-0\" tabindex=\"0\" aria-controls=\"fl-accordion--panel-0\">Belastingadvies<\/a>\n\t\t\t\t\t\t\t\t\t\t\t<a href=\"#\" id=\"fl-accordion--icon-0\"  tabindex=\"0\"><i title=\"Expand\">Expand<\/i><\/a>\n\t\t\t\t\t<p>&#8211; Jahresabschl\u00fcsse<\/p>\n<p>&#8211; Einkommensteuer<\/p>\n<p>&#8211; K\u00f6rperschaftsteuer<\/p>\n<p>&#8211; Gewerbesteuer<\/p>\n<p>&#8211; Umsatzsteuer<\/p>\n<p>&#8211; Erbschaftsteuer\/Schenkungssteuer<\/p>\n<p>&#8211; Grundsteuer\/Grundsteuerreform 2022<\/p>\n<p>&#8211; internationales Steuerrecht<\/p>\n<p>&#8211; Anregung zur Steuergestaltung<\/p>\n<p>&#8211; laufende Informationen zu Themen, die f\u00fcr Sie von Bedeutung sind<\/p>\n<p>&#8211; Begleitung bei Betriebspr\u00fcfungen<\/p>\n\t\t\t\t\t<a href=\"#\"  id=\"fl-accordion--label-1\" tabindex=\"0\" aria-controls=\"fl-accordion--panel-1\">Financiele boekhouding (Finanzbuchhaltung)<\/a>\n\t\t\t\t\t\t\t\t\t\t\t<a href=\"#\" id=\"fl-accordion--icon-1\"  tabindex=\"0\"><i title=\"Expand\">Expand<\/i><\/a>\n\t\t\t\t\t<p>&#8211; digitale Finanzbuchhaltung<\/p>\n<p>&#8211; Belege digital Archivieren<\/p>\n<p>&#8211; Kosten-Leistungs-Rechnung<\/p>\n<p>&#8211; betriebswirtschaftliche Auswertungen mit Summen- und Saldenlisten<\/p>\n<p>&#8211; Korrespondenz mit dem Finanzamt<\/p>\n<p>&#8211; \u00dcbermittlung von Umsatzsteuervoranmeldungen<\/p>\n<p>&#8211; \u00dcberwachung und Anpassung der Einkommensteuervorauszahlungen<\/p>\n<p>&#8211; \u00dcberwachung und Anpassung der Gewerbesteuervorauszahlungen<\/p>\n\t\t\t\t\t<a href=\"#\"  id=\"fl-accordion--label-2\" tabindex=\"0\" aria-controls=\"fl-accordion--panel-2\">Salarisadministratie<\/a>\n\t\t\t\t\t\t\t\t\t\t\t<a href=\"#\" id=\"fl-accordion--icon-2\"  tabindex=\"0\"><i title=\"Expand\">Expand<\/i><\/a>\n\t\t\t\t\t<p>&#8211; Lohn- und Gehaltsbuchhaltung<\/p>\n<p>&#8211; An- und Abmeldung von Arbeitnehmern<\/p>\n<p>&#8211; Sofortmeldungen bei der Rentenversicherung<\/p>\n<p>&#8211; Beitragsnachweise f\u00fcr die Krankenkassen<\/p>\n<p>&#8211; Bescheinigungswesen<\/p>\n<p>&#8211; Beantragung von Lohnfortzahlung<\/p>\n<p>&#8211; betriebliche Altersversorgung<\/p>\n<p>&#8211; Anmeldung von Kurzarbeit<\/p>\n<p>&#8211; Begleitung bei Betriebspr\u00fcfungen der Rentenversicherung<\/p>\n<p>&#8211; Begleitung bei Lohnsteuerpr\u00fcfungen<\/p>\n\t\t\t\t\t<a href=\"#\"  id=\"fl-accordion--label-3\" tabindex=\"0\" aria-controls=\"fl-accordion--panel-3\">Opstarten en overnemen van een onderneming<\/a>\n\t\t\t\t\t\t\t\t\t\t\t<a href=\"#\" id=\"fl-accordion--icon-3\"  tabindex=\"0\"><i title=\"Expand\">Expand<\/i><\/a>\n\t\t\t\t\t<p>&#8211; Investitions-, Ertrags- und Finanzplanung<\/p>\n<p>&#8211; Gr\u00fcndungsberatung<\/p>\n<p>&#8211; Kostenrechnung<\/p>\n<p>&#8211; Planungskontrolle<\/p>\n<p>&#8211; schwere Unternehmerfehler vermeiden helfen<\/p>\n<p>&#8211; Finanzierungs- und Sicherungsprobleme l\u00f6sen<\/p>\n\t\t\t\t\t<a href=\"#\"  id=\"fl-accordion--label-4\" tabindex=\"0\" aria-controls=\"fl-accordion--panel-4\">Versterking van uw ondernemingspositie<\/a>\n\t\t\t\t\t\t\t\t\t\t\t<a href=\"#\" id=\"fl-accordion--icon-4\"  tabindex=\"0\"><i title=\"Expand\">Expand<\/i><\/a>\n\t\t\t\t\t<p>&#8211; regelm\u00e4\u00dfige Analysen der wirtschaftlichen Entwicklung<\/p>\n<p>&#8211; betriebswirtschaftliche Beratung<\/p>\n<p>&#8211; Unternehmensplanung<\/p>\n<p>&#8211; gemeinsame Gespr\u00e4che \u00fcber die Altersversorgung<\/p>\n<p>&#8211; Beginn eines privaten Verm\u00f6gensaufbaus, Verm\u00f6gensplanung und pers\u00f6nliche Zukunftssicherung<\/p>\n\t\t\t\t\t<a href=\"#\"  id=\"fl-accordion--label-5\" tabindex=\"0\" aria-controls=\"fl-accordion--panel-5\">Ondernemingsopvolging<\/a>\n\t\t\t\t\t\t\t\t\t\t\t<a href=\"#\" id=\"fl-accordion--icon-5\"  tabindex=\"0\"><i title=\"Expand\">Expand<\/i><\/a>\n\t\t\t\t\t<p><strong>Fachberater f\u00fcr Unternehmensnachfolge<\/strong><\/p>\n<p>&#8211; Nachfolgeberatung<\/p>\n<p>&#8211; Unternehmensverkauf<\/p>\n<p>&#8211; Investitions-, Ertrags- und Finanzplanung<\/p>\n<p>&#8211; Finanzierungs- und Sicherungsprobleme l\u00f6sen<\/p>\n\t\t\t<a href=\"https:\/\/forms.office.com\/pages\/responsepage.aspx?id=eT5BIUqtn0Wl4ZYubbTquMWRlez2m2pPly29sf8aqN5UNFlIOVREODlCTEJaR1VPWlBOTTA0UUpLUSQlQCN0PWcu&#038;route=shorturl\" target=\"_blank\" rel=\"noopener\">\n\t\t\t\t\t\tWord nu cli\u00ebnt!\n\t\t\t\t\t<\/a>","protected":false},"excerpt":{"rendered":"<p>LEISTUNGEN Die Steuerberatungsbranche wird immer st\u00e4rker vom technologischen Fortschritt getrieben. Durch die Digitalisierung sind steigende Datenvolumen in k\u00fcrzerer Zeit zuverl\u00e4ssig zu be- und verarbeiten. Daf\u00fcr bieten wir Ihnen unser eigenes Dokumentencenter zum Download, Upload und zur Archivierung Ihrer eigenen Buchhaltung. Wir bieten Ihnen eine Komplettl\u00f6sung wie unser Dokumentencenter, Rechnungsprogramm oder Web-Kasse mit vielf\u00e4ltigen Individualisierungsm\u00f6glichkeiten f\u00fcr&hellip;<\/p>","protected":false},"author":1,"featured_media":0,"parent":0,"menu_order":0,"comment_status":"closed","ping_status":"closed","template":"","meta":{"footnotes":""},"class_list":["post-74","page","type-page","status-publish","hentry"],"_links":{"self":[{"href":"https:\/\/www.stb-rkk.de\/nl\/wp-json\/wp\/v2\/pages\/74","targetHints":{"allow":["GET"]}}],"collection":[{"href":"https:\/\/www.stb-rkk.de\/nl\/wp-json\/wp\/v2\/pages"}],"about":[{"href":"https:\/\/www.stb-rkk.de\/nl\/wp-json\/wp\/v2\/types\/page"}],"author":[{"embeddable":true,"href":"https:\/\/www.stb-rkk.de\/nl\/wp-json\/wp\/v2\/users\/1"}],"replies":[{"embeddable":true,"href":"https:\/\/www.stb-rkk.de\/nl\/wp-json\/wp\/v2\/comments?post=74"}],"version-history":[{"count":15,"href":"https:\/\/www.stb-rkk.de\/nl\/wp-json\/wp\/v2\/pages\/74\/revisions"}],"predecessor-version":[{"id":1051,"href":"https:\/\/www.stb-rkk.de\/nl\/wp-json\/wp\/v2\/pages\/74\/revisions\/1051"}],"wp:attachment":[{"href":"https:\/\/www.stb-rkk.de\/nl\/wp-json\/wp\/v2\/media?parent=74"}],"curies":[{"name":"wp","href":"https:\/\/api.w.org\/{rel}","templated":true}]}}