{"id":799,"date":"2025-02-04T14:15:32","date_gmt":"2025-02-04T14:15:32","guid":{"rendered":"https:\/\/www.stb-rkk.de\/?page_id=799"},"modified":"2025-09-10T11:41:03","modified_gmt":"2025-09-10T11:41:03","slug":"fachberatung-gesundheitswesen","status":"publish","type":"page","link":"https:\/\/www.stb-rkk.de\/nl\/fachberatung-gesundheitswesen\/","title":{"rendered":"Fachberatung f\u00fcr Gesundheitswesen"},"content":{"rendered":"<a href=\"https:\/\/forms.office.com\/pages\/responsepage.aspx?id=eT5BIUqtn0Wl4ZYubbTquMWRlez2m2pPly29sf8aqN5UNFlIOVREODlCTEJaR1VPWlBOTTA0UUpLUSQlQCN0PWcu&#038;route=shorturl\" target=\"_blank\" rel=\"noopener\">\n\t\t\t\t\t\tWord nu cli\u00ebnt!\n\t\t\t\t\t<\/a>\n\t\t<h2>Spezialisierte Steuerberatung im Gesundheitswesen<br \/>\nIhr Erfolg in sicheren H\u00e4nden<\/h2>\n<h3>Steuerberatung f\u00fcr \u00c4rzte, Zahn\u00e4rzte, Apotheker, Pflege &amp; Co.<br \/>\nJetzt den richtigen Partner finden<\/h3>\n<p>Das Gesundheitswesen ist einem st\u00e4ndigen Wandel unterworfen &#8211; neue Gesetze, ver\u00e4nderte Steuerregelungen und wachsende betriebswirtschaftliche Herausforderungen machen eine spezialisierte Beratung unverzichtbar. <strong>Mit unserer digitalen Steuerkanzlei und \u00fcber 35 Jahren Erfahrung<\/strong> sind wir Ihr kompetenter Partner f\u00fcr Steuerfragen im Gesundheitsbereich.<\/p>\n<p>Unsere Expertin <strong>Alida Albrecht<\/strong>, angehende Fachberaterin im Gesundheitswesen, steht Ihnen mit ihrem spezialisierten Fachwissen zur Seite. <strong>Ob Arztpraxis, Apotheke, Heilhilfsberufe, Pflegedienst oder MVZ &#8211; wir entwickeln individuelle Steuerstrategien, die auf Ihre Berufsgruppe zugeschnitten sind.<\/strong><\/p>\n<h3>Unsere steuerliche Expertise im Gesundheitswesen<\/h3>\n<h4> Steuerberatung f\u00fcr jede Berufsgruppe<\/h4>\n<p>Ob <strong>\u00c4rzte, Zahn\u00e4rzte, Apotheker, Heilpraktiker, Medizintechniker oder Pflegekr\u00e4fte<\/strong> &#8211; jede Branche hat eigene steuerliche Besonderheiten. Wir kennen die Herausforderungen und bieten Ihnen ma\u00dfgeschneiderte L\u00f6sungen.<\/p>\n<h4> Buchhaltung &amp; Jahresabschl\u00fcsse<\/h4>\n<p>Von der monatlichen Buchhaltung \u00fcber die Kosten- und Leistungsrechnung bis hin zum Jahresabschluss &#8211; wir sorgen f\u00fcr Klarheit und Sicherheit in Ihren Finanzen.<\/p>\n<h4> Individuelle betriebswirtschaftliche Beratung<\/h4>\n<p>Neben der Steueroptimierung unterst\u00fctzen wir Sie in <strong>Praxisanalysen, Soll-Ist- Vergleichen, Unternehmensbewertung sowie in der Finanzierungs- und Sanierungsberatung<\/strong>.<\/p>\n<h4> Existenzgr\u00fcndungsberatung, Praxis\u00fcbergabe und Umwandlung in eine MVZ<\/h4>\n<p>Sie planen eine eigene Praxis oder m\u00f6chten Ihre Apotheke \u00fcbergeben? Wir begleiten Sie in allen steuerlichen und betriebswirtschaftlichen Fragen &#8211; von der Gr\u00fcndung bis zur Nachfolgeregelung.<\/p>\n<h4> Erfolgssteigerung f\u00fcr Ihre Praxis, Apotheke oder Pflegedienst<\/h4>\n<p>Eine gut laufende Praxis oder Apotheke erfordert mehr als fachliche Kompetenz. Wir helfen Ihnen, <strong>St\u00e4rken und Schw\u00e4chen zu analysieren<\/strong>, die richtige strategische Ausrichtung zu finden und Ihre Liquidit\u00e4t langfristig zu sichern.<\/p>\n<h3>Warum unsere Steuerkanzlei?<\/h3>\n <strong>Digitale Steuerberatung mit pers\u00f6nlicher Betreuung<\/strong><br \/>\n<strong> \u00dcber 35 Jahre Erfahrung in der Steuerberatung<\/strong><br \/>\n<strong> Vier Standorte in Rhauderfehn, S\u00f6gel, Aurich und Oldenburg<\/strong><br \/>\n<strong> Spezialisierung auf das Gesundheitswesen<\/strong><br \/>\n<strong> Ma\u00dfgeschneiderte L\u00f6sungen f\u00fcr Ihren Erfolg<\/strong>\n<p>Lassen Sie sich von unserer Expertise \u00fcberzeugen. <strong>Vereinbaren Sie jetzt ein unverbindliches Beratungsgespr\u00e4ch!<\/strong><\/p>\n<p> Rhauderfehn |  S\u00f6gel |  Aurich |  Oldenburg<\/p>\n<p>Kontaktieren Sie uns direkt &#8211; wir freuen uns auf Sie!<\/p>\n<p><strong>Wir betreuen zuverl\u00e4ssig folgende Berufsgruppen und Unternehmen aus dem Gesundheitswesen<\/strong><\/p>\n<ul>\n<li>Niedergelassene \u00c4rzte, Zahn\u00e4rzte, Psychotherapeuten, Heilpraktiker, Tier\u00e4rzte<\/li>\n<li>Heilhilfsberufe wie Physiotherapeuten, Logop\u00e4den, Ergotherapeuten, Podologen etc.<\/li>\n<li>Medizinische Labore und Dentallabore<\/li>\n<li>Apotheken<\/li>\n<li>Pflegedienste<\/li>\n<li>Organisationen im Gesundheitswesen (z.B. MVZ)<\/li>\n<li>Angestellte in allen Bereichen des Gesundheitswesens<\/li>\n<\/ul>\n<p>Finden Sie sich in dieser Aufz\u00e4hlung nicht wieder, sprechen Sie uns gerne an. Es handelt sich nur um eine beispielhafte Aufz\u00e4hlung, die sicherlich nicht alle Heilberufe umfasst.<\/p>","protected":false},"excerpt":{"rendered":"<p>Jetzt Mandant werden! Spezialisierte Steuerberatung im Gesundheitswesen Ihr Erfolg in sicheren H\u00e4nden Steuerberatung f\u00fcr \u00c4rzte, Zahn\u00e4rzte, Apotheker, Pflege &amp; Co. Jetzt den richtigen Partner finden Das Gesundheitswesen ist einem st\u00e4ndigen Wandel unterworfen &#8211; neue Gesetze, ver\u00e4nderte Steuerregelungen und wachsende betriebswirtschaftliche Herausforderungen machen eine spezialisierte Beratung unverzichtbar. Mit unserer digitalen Steuerkanzlei und \u00fcber 35 Jahren Erfahrung&hellip;<\/p>","protected":false},"author":4,"featured_media":0,"parent":0,"menu_order":0,"comment_status":"closed","ping_status":"closed","template":"","meta":{"footnotes":""},"class_list":["post-799","page","type-page","status-publish","hentry"],"_links":{"self":[{"href":"https:\/\/www.stb-rkk.de\/nl\/wp-json\/wp\/v2\/pages\/799","targetHints":{"allow":["GET"]}}],"collection":[{"href":"https:\/\/www.stb-rkk.de\/nl\/wp-json\/wp\/v2\/pages"}],"about":[{"href":"https:\/\/www.stb-rkk.de\/nl\/wp-json\/wp\/v2\/types\/page"}],"author":[{"embeddable":true,"href":"https:\/\/www.stb-rkk.de\/nl\/wp-json\/wp\/v2\/users\/4"}],"replies":[{"embeddable":true,"href":"https:\/\/www.stb-rkk.de\/nl\/wp-json\/wp\/v2\/comments?post=799"}],"version-history":[{"count":8,"href":"https:\/\/www.stb-rkk.de\/nl\/wp-json\/wp\/v2\/pages\/799\/revisions"}],"predecessor-version":[{"id":1025,"href":"https:\/\/www.stb-rkk.de\/nl\/wp-json\/wp\/v2\/pages\/799\/revisions\/1025"}],"wp:attachment":[{"href":"https:\/\/www.stb-rkk.de\/nl\/wp-json\/wp\/v2\/media?parent=799"}],"curies":[{"name":"wp","href":"https:\/\/api.w.org\/{rel}","templated":true}]}}